{"id":8,"date":"2015-07-14T19:07:08","date_gmt":"2015-07-14T19:07:08","guid":{"rendered":"http:\/\/jakob.plitc.de\/?page_id=8"},"modified":"2021-05-18T10:37:24","modified_gmt":"2021-05-18T10:37:24","slug":"impressum","status":"publish","type":"page","link":"http:\/\/gruw.de\/?page_id=8","title":{"rendered":"Impressum, Haftungsausschluss &#038; Datenschutzhinweise"},"content":{"rendered":"<table style=\"height: 443px;\" border=\"0\" width=\"900\" cellspacing=\"0\" cellpadding=\"3\">\n<colgroup>\n<col width=\"200\" \/>\n<col width=\"*\" \/> <\/colgroup>\n<tbody>\n<tr>\n<td align=\"left\" valign=\"top\">Anschrift<\/td>\n<td><strong>GRUW Vorrichtungsbau &amp;<br \/>\nEntwicklungstechnik GmbH<\/strong><br \/>\nAlte Bonner Str. 34<br \/>\nD-53229 Bonn<\/td>\n<\/tr>\n<tr>\n<td align=\"left\" valign=\"top\">Gesch\u00e4ftsf\u00fchrer<\/td>\n<td>Dipl.-Ing. Jakob Ott<\/td>\n<\/tr>\n<tr>\n<td align=\"left\" valign=\"top\">Telefon<\/td>\n<td>+49 (0) 157 33365831<\/td>\n<\/tr>\n<tr>\n<td align=\"left\" valign=\"top\"><\/td>\n<td><\/td>\n<\/tr>\n<tr>\n<td align=\"left\" valign=\"top\">Email<br \/>\nWeb<\/td>\n<td><a href=\"mailto:service@gruw.de\"><span style=\"color: #0066cc;\">service@gruw.de<\/span><\/a><br \/>\n<a href=\"http:\/\/www.gruw.de\/\"><span style=\"color: #0066cc;\">www.gruw.de<\/span><\/a><\/td>\n<\/tr>\n<tr>\n<td align=\"left\" valign=\"top\">Handelsregister<\/td>\n<td>Amtsgericht Bonn HRB 26184<\/td>\n<\/tr>\n<tr>\n<td align=\"left\" valign=\"top\">Steuernummer<\/td>\n<td>222\/5723\/1999<\/td>\n<\/tr>\n<tr>\n<td align=\"left\" valign=\"top\">Ust-IdNr.<\/td>\n<td>DE301283514<\/td>\n<\/tr>\n<\/tbody>\n<\/table>\n<p><strong>Haftungsausschluss \/ Datenschutzhinweise<\/strong><\/p>\n<p><strong>Haftungsausschluss <\/strong><\/p>\n<ol>\n<li><strong> Inhalt des Onlineangebotes<\/strong><\/li>\n<\/ol>\n<p>Der Autor \u00fcbernimmt keinerlei Gew\u00e4hr f\u00fcr die Aktualit\u00e4t, Richtigkeit und Vollst\u00e4ndigkeit der bereitgestellten Informationen auf unserer Website. Haftungsanspr\u00fcche gegen den Autor, welche sich auf Sch\u00e4den materieller oder ideeller Art beziehen, die durch die Nutzung oder Nichtnutzung der dargebotenen Informationen bzw. durch die Nutzung fehlerhafter und unvollst\u00e4ndiger Informationen verursacht wurden, sind grunds\u00e4tzlich ausgeschlossen, sofern seitens des Autors kein nachweislich vors\u00e4tzliches oder grob fahrl\u00e4ssiges Verschulden vorliegt. Alle Angebote sind freibleibend und unverbindlich. Der Autor beh\u00e4lt es sich ausdr\u00fccklich vor, Teile der Seiten oder das gesamte Angebot ohne gesonderte Ank\u00fcndigung zu ver\u00e4ndern, zu erg\u00e4nzen, zu l\u00f6schen oder die Ver\u00f6ffentlichung zeitweise oder endg\u00fcltig einzustellen.<\/p>\n<ol start=\"2\">\n<li><strong> Verweise und Links<\/strong><\/li>\n<\/ol>\n<p>Bei direkten oder indirekten Verweisen auf fremde Webseiten (\u201cHyperlinks\u201d), die au\u00dferhalb des Verantwortungsbereiches des Autors liegen, w\u00fcrde eine Haftungsverpflichtung ausschlie\u00dflich in dem Fall in Kraft treten, in dem der Autor von den Inhalten Kenntnis hat und es ihm technisch m\u00f6glich und zumutbar w\u00e4re, die Nutzung im Falle rechtswidriger Inhalte zu verhindern. Der Autor erkl\u00e4rt hiermit ausdr\u00fccklich, dass zum Zeitpunkt der Linksetzung keine illegalen Inhalte auf den zu verlinkenden Seiten erkennbar waren. Auf die aktuelle und zuk\u00fcnftige Gestaltung, die Inhalte oder die Urheberschaft der verlinkten\/verkn\u00fcpften Seiten hat der Autor keinerlei Einfluss. Deshalb distanziert er sich hiermit ausdr\u00fccklich von allen Inhalten aller verlinkten \/verkn\u00fcpften Seiten, die nach der Linksetzung ver\u00e4ndert wurden. Diese Feststellung gilt f\u00fcr alle innerhalb des eigenen Internetangebotes gesetzten Links und Verweise sowie f\u00fcr Fremdeintr\u00e4ge in vom Autor eingerichteten G\u00e4steb\u00fcchern, Diskussionsforen, Linkverzeichnissen, Mailinglisten und in allen anderen Formen von Datenbanken, auf deren Inhalt externe Schreibzugriffe m\u00f6glich sind. F\u00fcr illegale, fehlerhafte oder unvollst\u00e4ndige Inhalte und insbesondere f\u00fcr Sch\u00e4den, die aus der Nutzung oder Nichtnutzung solcherart dargebotener Informationen entstehen, haftet allein der Anbieter der Seite, auf welche verwiesen wurde, nicht derjenige, der \u00fcber Links auf die jeweilige Ver\u00f6ffentlichung lediglich verweist.<\/p>\n<ol start=\"3\">\n<li><strong> Urheber- und Kennzeichenrecht<\/strong><\/li>\n<\/ol>\n<p>Der Autor ist bestrebt, in allen Publikationen die Urheberrechte der verwendeten Bilder, Grafiken, Tondokumente, Videosequenzen und Texte zu beachten, von ihm selbst erstellte Bilder, Grafiken, Tondokumente, Videosequenzen und Texte zu nutzen oder auf lizenzfreie Grafiken, Tondokumente, Videosequenzen und Texte zur\u00fcckzugreifen. Alle innerhalb des Internetangebotes genannten und ggf. durch Dritte gesch\u00fctzten Marken- und Warenzeichen unterliegen uneingeschr\u00e4nkt den Bestimmungen des jeweils g\u00fcltigen Kennzeichenrechts und den Besitzrechten der jeweiligen eingetragenen Eigent\u00fcmer. Allein aufgrund der blo\u00dfen Nennung ist nicht der Schluss zu ziehen, dass Markenzeichen nicht durch Rechte Dritter gesch\u00fctzt sind! Das Copyright f\u00fcr ver\u00f6ffentlichte, vom Autor selbst erstellte Objekte bleibt allein beim Autor der Seiten. Eine Vervielf\u00e4ltigung oder Verwendung solcher Grafiken, Tondokumente, Videosequenzen und Texte in anderen elektronischen oder gedruckten Publikationen ist ohne ausdr\u00fcckliche Zustimmung des Autors nicht gestattet.<\/p>\n<ol start=\"4\">\n<li><strong> Datenschutz<\/strong><\/li>\n<\/ol>\n<p>Sofern innerhalb des Internetangebotes die M\u00f6glichkeit zur Eingabe pers\u00f6nlicher oder gesch\u00e4ftlicher Daten (Emailadressen, Namen, Anschriften) besteht, so erfolgt die Preisgabe dieser Daten seitens des Nutzers auf ausdr\u00fccklich freiwilliger Basis. Die Inanspruchnahme und Bezahlung aller angebotenen Dienste ist \u2013 soweit technisch m\u00f6glich und zumutbar \u2013 auch ohne Angabe solcher Daten bzw. unter Angabe anonymisierter Daten oder eines Pseudonyms gestattet. Die Nutzung der im Rahmen des Impressums oder vergleichbarer Angaben ver\u00f6ffentlichten Kontaktdaten wie Postanschriften, Telefon- und Faxnummern sowie Emailadressen durch Dritte zur \u00dcbersendung von nicht ausdr\u00fccklich angeforderten Informationen ist nicht gestattet. Rechtliche Schritte gegen die Versender von sogenannten Spam-Mails bei Verst\u00f6\u00dfen gegen dieses Verbot sind ausdr\u00fccklich vorbehalten.<\/p>\n<ol start=\"5\">\n<li><strong> Rechtswirksamkeit dieses Haftungsausschlusses<\/strong><\/li>\n<\/ol>\n<p>Dieser Haftungsausschluss ist als Teil des Internetangebotes zu betrachten, von dem aus auf diese Seite verwiesen wurde. Sofern Teile oder einzelne Formulierungen dieses Textes der geltenden Rechtslage nicht, nicht mehr oder nicht vollst\u00e4ndig entsprechen sollten, bleiben die \u00fcbrigen Teile des Dokumentes in ihrem Inhalt und ihrer G\u00fcltigkeit davon unber\u00fchrt.<\/p>\n<p><strong>Quellenangaben Fotos <\/strong><\/p>\n<p>\u00a9 GRUW Vorrichtungsbau &amp; Entwicklungstechnik GmbH<\/p>\n<p>&nbsp;<\/p>\n<p><strong>Datenschutzhinweise der GRUW Vorrichtungsbau &amp; Entwicklungstechnik GmbH<\/strong><\/p>\n<p><strong>\u00a0<\/strong><\/p>\n<p><strong>1.- Ihr Ansprechpartner zu Thema Datenverarbeitung<\/strong><\/p>\n<p>Verantwortlich ist<\/p>\n<p>GRUW Vorrichtungsbau &amp; Entwicklungstechnik GmbH<\/p>\n<p>vertreten durch den Gesch\u00e4ftsf\u00fchrer Dipl.-Ing. Jakob Ott<\/p>\n<p>Alte Bonner Str. 34<\/p>\n<p>53229 Bonn<\/p>\n<p>&nbsp;<\/p>\n<p>F\u00fcr den Datenschutz zust\u00e4ndig ist<\/p>\n<p>Herr Dipl.-Ing. Jakob Ott<\/p>\n<p>Ott@GRUW.de<\/p>\n<p>&nbsp;<\/p>\n<p><strong>2.- Welche Daten werden genutzt:<\/strong><\/p>\n<p>&nbsp;<\/p>\n<p>Wir verarbeiten personenbezogene Daten, die wir im Rahmen unserer Gesch\u00e4ftsbeziehung von unseren Kunden oder anderen Betroffenen erhalten. Zudem verarbeiten wir soweit f\u00fcr die Erbringung unserer Dienstleistung erforderlich personenbezogene Daten, die wir aus \u00f6ffentlich zug\u00e4nglichen Quellen (z.B.: Presse, Internet) zul\u00e4ssigerweise gewinnen oder die uns von sonstigen Dritten berechtigt \u00fcbermittelt werden.<\/p>\n<p>Relevante personenbezogene Daten sind Personalien (Name, Adresse und andere Kontaktdaten wie E-Mailadresse, Geburtstag und -ort sowie Staatsangeh\u00f6rigkeit). Dar\u00fcber hinaus k\u00f6nnen dies auch Auftragsdaten, Daten aus der Erf\u00fcllung unserer vertraglichen Verpflichtungen, Dokumentationsdaten sowie andere mit den genannten Kategorien vergleichbare Daten sein.<\/p>\n<p>&nbsp;<\/p>\n<p><strong>3.- Wof\u00fcr verarbeiten wir Ihre Daten (Zweck der Verarbeitung) und auf welcher Rechtsgrundlage<\/strong><\/p>\n<p>&nbsp;<\/p>\n<p>Wir verarbeiten personenbezogene Daten im Einklang mit den Bestimmungen der EU-Datenschutzgrundverordnung (DSGVO) und dem Bundesdatenschutzgesetz (BDSG)<\/p>\n<p><strong style=\"font-size: 1.125rem;\">A) Zur Erf\u00fcllung von vertraglichen Pflichten (Art. 6 Abs. 1 b DSGVO)<\/strong><\/p>\n<p>Die Verarbeitung von Daten erfolgt zur Erbringung unserer Leistungen im Rahmen der Durchf\u00fchrung unserer Vertr\u00e4ge mit unseren Kunden oder zur Durchf\u00fchrung vorvertraglicher Ma\u00dfnahmen, die auf Anfrage hin erfolgen. Die Zwecke der Datenverarbeitung richten sich in erster Linie nach dem konkreten Produkt oder der konkreten Serviceleistung. Insbesondere erfolgt die Datenverarbeitung<\/p>\n<p>&#8211; um Sie als unseren Kunden identifizieren zu k\u00f6nnen;<\/p>\n<p>&#8211; um Sie angemessen beraten zu k\u00f6nnen;<\/p>\n<p>&#8211; zur Korrespondenz mit Ihnen;<\/p>\n<p>&#8211; zur Rechnungsstellung.<\/p>\n<p>&nbsp;<\/p>\n<p>Die weiteren Einzelheiten zu den Datenverarbeitungszwecken k\u00f6nnen Sie den ma\u00dfgeblichen Vertragsunterlagen und Gesch\u00e4ftsbedingungen entnehmen.<\/p>\n<p><strong style=\"font-size: 1.125rem;\">B) Im Rahmen der Interessenabw\u00e4gung (Art. 6 Abs. 1 f DSGVO)<\/strong><\/p>\n<p>Soweit erforderlich verarbeiten wir Ihre Daten \u00fcber die eigentliche Erf\u00fcllung des Vertrages hinaus zur Wahrung berechtigter Interessen von uns oder Dritten. Beispiele:<\/p>\n<p>&#8211; Werbung soweit Sie der Nutzung Ihrer Daten nicht widersprochen haben,<\/p>\n<p>&#8211; Geltendmachung rechtlicher Anspr\u00fcche und Verteidigung bei rechtlichen Streitigkeiten,<\/p>\n<p>&#8211; Gew\u00e4hrleistung der IT-Sicherheit und des IT-Betriebs,<\/p>\n<p>&#8211; Verhinderung und Aufkl\u00e4rung von Straftaten,<\/p>\n<p>&#8211; Ma\u00dfnahmen zur Geb\u00e4ude- und Anlagensicherheit (z.B. Zutrittskontrollen),<\/p>\n<p>&#8211; Ma\u00dfnahmen zur Sicherstellung des Hausrechts, Ma\u00dfnahmen zur Gesch\u00e4ftssteuerung und Weiterentwicklung von Dienstleistungen und Produkten, Risikosteuerung in unserem Unternehmen.<\/p>\n<p>&nbsp;<\/p>\n<p><strong>C) Aufgrund Ihrer Einwilligung (Art. 6 Abs. 1 a DSGVO) <\/strong><\/p>\n<p>Soweit Sie uns eine Einwilligung zur Verarbeitung von personenbezogenen Daten f\u00fcr bestimmte Zwecke erteilt haben, ist die Rechtm\u00e4\u00dfigkeit dieser Verarbeitung auf Basis Ihrer Einwilligung gegeben. Eine erteilte Einwilligung kann jederzeit widerrufen werden. Dies gilt auch f\u00fcr den Widerruf von Einwilligungserkl\u00e4rungen, die vor der Geltung der DSGVO, also vor dem 25. Mai 2018, uns gegen\u00fcber erteilt worden sind. Der Widerruf einer Einwilligung wirkt erst f\u00fcr die Zukunft und ber\u00fchrt nicht die Rechtm\u00e4\u00dfigkeit der bis zum Widerruf verarbeiteten Daten.<\/p>\n<p><strong>D) Aufgrund gesetzlicher Vorgaben (Art. 6 Abs. 1 c DSGVO) oder im \u00f6ffentlichen Interesse (Art. 6 Abs. 1 e DSGVO) <\/strong><\/p>\n<p>Zudem unterliegen wir als Unternehmen diversen rechtlichen Verpflichtungen, das hei\u00dft gesetzlichen Anforderungen (z.B. Steuergesetze). Zu den Zwecken der Verarbeitung geh\u00f6ren unter anderem die Erf\u00fcllung steuerrechtlicher Meldepflichten sowie die Bewertung und Steuerung von Risiken innerhalb unseres Unternehmens.<\/p>\n<p>&nbsp;<\/p>\n<p><strong>Wohin werden Ihre Daten weitergereicht<\/strong><\/p>\n<p>Informationen \u00fcber unsere Kunden geben wir grunds\u00e4tzlich nur weiter, wenn gesetzliche Bestimmungen dies gebieten, der Kunde eingewilligt hat. Unter diesen Voraussetzungen k\u00f6nnen Empf\u00e4nger personenbezogener Daten z.B. sein:<\/p>\n<p>&#8211; \u00d6ffentliche Stellen und Institutionen,<\/p>\n<p>&#8211; Dienstleister, die wir im Rahmen von Auftragsverarbeitungsverh\u00e4ltnissen heranziehen.<\/p>\n<p>&nbsp;<\/p>\n<p>Weitere Datenempf\u00e4nger k\u00f6nnen diejenigen Stellen sein, f\u00fcr die Sie uns Ihre Einwilligung zur Daten\u00fcbermittlung erteilt oder Einwilligung befreit haben oder an die wir aufgrund einer Interessenabw\u00e4gung befugt sind, personenbezogene Daten zu \u00fcbermitteln.<\/p>\n<p>&nbsp;<\/p>\n<p><strong>\u00dcbermittlung von Daten in ein Drittland<\/strong><\/p>\n<p>Eine Daten\u00fcbermittlung an Stellen in Staaten au\u00dferhalb der Europ\u00e4ischen Union (sogenannte Drittstaaten) findet statt, soweit<\/p>\n<p>&#8211; es zur Ausf\u00fchrung Ihrer Auftr\u00e4ge erforderlich ist,<\/p>\n<p>&#8211; es gesetzlich vorgeschrieben ist (z.B. steuerrechtliche Meldepflichten) oder<\/p>\n<p>&#8211; Sie uns Ihre Einwilligung erteilt haben.<\/p>\n<p>&nbsp;<\/p>\n<p>Des Weiteren ist eine \u00dcbermittlung an Stellen in Drittstaaten in folgenden F\u00e4llen vorgesehen:<\/p>\n<p>&#8211; Sofern dies in Einzelf\u00e4llen erforderlich ist, werden Ihre personenbezogenen Daten m\u00f6glicherweise unter Einhaltung des europ\u00e4ischen Datenschutzniveaus \u00fcbermittelt.<\/p>\n<p>&#8211; Mit der Einwilligung des Betroffenen oder aufgrund gesetzlicher Regelungen zur Bek\u00e4mpfung von Geldw\u00e4sche, Terrorismusfinanzierung und sonstigen strafbaren Handlungen sowie im Rahmen einer Interessenabw\u00e4gung, werden in Einzelf\u00e4llen personenbezogene Daten unter Einhaltung des Datenschutzniveaus der Europ\u00e4ischen Union \u00fcbermittelt.<\/p>\n<p>&nbsp;<\/p>\n<p><strong>Wie lange speichern wir ihre Daten<\/strong><\/p>\n<p>Wir verarbeiten und speichern Ihre personenbezogenen Daten, solange dies f\u00fcr die Erf\u00fcllung unserer vertraglichen und gesetzlichen Pflichten erforderlich ist. Dabei ist zu beachten, dass unsere Gesch\u00e4ftsbeziehung in der Regel ein Dauerschuldverh\u00e4ltnis ist, welches auf viele Jahre angelegt ist.<\/p>\n<p>&nbsp;<\/p>\n<p><strong>Ihre Datenschutzrechte sind:<\/strong><\/p>\n<p>Sie haben das Recht:<\/p>\n<p>&#8211; gem\u00e4\u00df Art. 7 Abs. 3 DSGVO Ihre einmal erteilte Einwilligung jederzeit gegen\u00fcber uns zu widerrufen. Dies hat zur Folge, dass wir die Datenverarbeitung, die auf dieser Einwilligung beruhte, f\u00fcr die Zukunft nicht mehr fortf\u00fchren d\u00fcrfen.<\/p>\n<p>&#8211; gem\u00e4\u00df Art. 15 DSGVO Auskunft \u00fcber Ihre von uns verarbeiteten personenbezogenen Daten zu verlangen. Insbesondere k\u00f6nnen Sie Auskunft \u00fcber die Verarbeitungszwecke, die Kategorie der personenbezogenen Daten, die Kategorien von Empf\u00e4ngern, gegen\u00fcber denen Ihre Daten offengelegt wurden oder werden, die geplante Speicherdauer, das Bestehen eines Rechts auf Berichtigung, L\u00f6schung, Einschr\u00e4nkung der Verarbeitung oder Widerspruch, das Bestehen eines Beschwerderechts, die Herkunft ihrer Daten, sofern diese nicht bei uns erhoben wurden, sowie \u00fcber das Bestehen einer automatisierten Entscheidungsfindung einschlie\u00dflich Profiling und ggf. aussagekr\u00e4ftigen Informationen zu deren Einzelheiten verlangen.<\/p>\n<p>&#8211; gem\u00e4\u00df Art. 16 DSGVO unverz\u00fcglich die Berichtigung unrichtiger oder Vervollst\u00e4ndigung Ihrer bei uns gespeicherten personenbezogenen Daten zu verlangen.<\/p>\n<p>&#8211; gem\u00e4\u00df Art. 17 DSGVO die L\u00f6schung Ihrer bei uns gespeicherten personenbezogenen Daten zu verlangen, soweit nicht die Verarbeitung zur Aus\u00fcbung des Rechts auf freie Meinungs\u00e4u\u00dferung und Information, zur Erf\u00fcllung einer rechtlichen Verpflichtung, aus Gr\u00fcnden des \u00f6ffentlichen Interesses oder zur Geltendmachung, Aus\u00fcbung oder Verteidigung von Rechtsanspr\u00fcchen erforderlich ist.<\/p>\n<p>&#8211; gem\u00e4\u00df Art. 18 DSGVO die Einschr\u00e4nkung der Verarbeitung Ihrer personenbezogenen Daten zu verlangen, soweit die Richtigkeit der Daten von Ihnen bestritten wird, die Verarbeitung unrechtm\u00e4\u00dfig ist, Sie aber deren L\u00f6schung ablehnen und wir die Daten nicht mehr ben\u00f6tigen, Sie jedoch diese zur Geltendmachung, Aus\u00fcbung oder Verteidigung von Rechtsanspr\u00fcchen ben\u00f6tigen oder Sie gem\u00e4\u00df Art. 21 DSGVO Widerspruch gegen die Verarbeitung eingelegt haben.<\/p>\n<p>&#8211; gem\u00e4\u00df Art. 20 DSGVO Ihre personenbezogenen Daten, die Sie uns bereitgestellt haben, in einem strukturierten, g\u00e4ngigen und maschinenlesebaren Format zu erhalten oder die \u00dcbermittlung an einen anderen Verantwortlichen zu verlangen und<\/p>\n<p>&#8211; gem\u00e4\u00df Art. 77 DSGVO sich bei einer Aufsichtsbeh\u00f6rde zu beschweren. In der Regel k\u00f6nnen Sie sich hierf\u00fcr an die Aufsichtsbeh\u00f6rde Ihres \u00fcblichen Aufenthaltsortes oder Arbeitsplatzes oder unseres Gesellschaftssitzes wenden.<\/p>\n<p>&nbsp;<\/p>\n<p><strong>Ihr Widerspruchsrecht nach Artikel 21 DSGVO <\/strong><\/p>\n<p><strong>Einzelfallbezogenes Widerspruchsrecht<\/strong><\/p>\n<p>Sie haben das Recht, aus Gr\u00fcnden, die sich aus ihrer besonderen Situation ergeben, jederzeit gegen die Verarbeitung Sie betreffender personenbezogener Daten, die aufgrund von Artikel 6 Absatz 1 Buchstabe e DSGVO (Datenverarbeitung im \u00f6ffentlichen Interesse) und Artikel 6 Absatz 1 Buchstabe f DSGVO (Datenverarbeitung auf der Grundlage einer Interessenabw\u00e4gung) erfolgt, Widerspruch einzulegen.<\/p>\n<p>Widerspruchsrecht gegen eine Verarbeitung von Daten f\u00fcr Zwecke der Direktwerbung<\/p>\n<p>In Einzelf\u00e4llen verarbeiten wir Ihre personenbezogenen Daten, um Direktwerbung zu betreiben. Sie haben das Recht, jederzeit Widerspruch gegen die Verarbeitung Sie betreffender personenbezogener Daten zum Zwecke derartiger Werbung einzulegen soweit es mit solcher Direktwerbung in Verbindung steht.<\/p>\n<p>Widersprechen Sie der Verarbeitung f\u00fcr Zwecke der Direktwerbung, so werden wir Ihre personenbezogenen Daten nicht mehr f\u00fcr diese Zwecke verarbeiten.<\/p>\n<p>&nbsp;<\/p>\n<p><strong>Empf\u00e4nger eines Widerspruchs<\/strong><\/p>\n<p>Der Widerspruch kann formfrei mit dem Betreff \u201eWiderspruch&#8220; unter Angabe Ihres Namens, Ihrer Adresse und Ihres Geburtsdatums erfolgen und sollte gerichtet werden an:<\/p>\n<p>GRUW Vorrichtungsbau &amp; Entwicklungstechnik GmbH<\/p>\n<p>Herrn Dipl.-Ing. Jakob Ott<\/p>\n<p>Alte Bonner Str. 34<\/p>\n<p>53229 Bonn<\/p>\n<p>&nbsp;<\/p>\n<p><strong>Stand 18.05.2021<\/strong><\/p>\n","protected":false},"excerpt":{"rendered":"<p>Anschrift GRUW Vorrichtungsbau &amp; Entwicklungstechnik GmbH Alte Bonner Str. 34 D-53229 Bonn Gesch\u00e4ftsf\u00fchrer Dipl.-Ing. Jakob Ott Telefon +49 (0) 157 33365831 Email Web service@gruw.de www.gruw.de Handelsregister Amtsgericht Bonn HRB 26184 Steuernummer 222\/5723\/1999 Ust-IdNr. DE301283514 Haftungsausschluss \/ Datenschutzhinweise Haftungsausschluss Inhalt des Onlineangebotes Der Autor \u00fcbernimmt keinerlei Gew\u00e4hr f\u00fcr die Aktualit\u00e4t, Richtigkeit und Vollst\u00e4ndigkeit der bereitgestellten Informationen&hellip; <\/p>\n<p class=\"toivo-read-more\"><a href=\"http:\/\/gruw.de\/?page_id=8\" class=\"more-link\">Read more <span class=\"screen-reader-text\">Impressum, Haftungsausschluss &#038; Datenschutzhinweise<\/span><\/a><\/p>\n","protected":false},"author":2,"featured_media":0,"parent":0,"menu_order":99,"comment_status":"closed","ping_status":"open","template":"","meta":[],"_links":{"self":[{"href":"http:\/\/gruw.de\/index.php?rest_route=\/wp\/v2\/pages\/8"}],"collection":[{"href":"http:\/\/gruw.de\/index.php?rest_route=\/wp\/v2\/pages"}],"about":[{"href":"http:\/\/gruw.de\/index.php?rest_route=\/wp\/v2\/types\/page"}],"author":[{"embeddable":true,"href":"http:\/\/gruw.de\/index.php?rest_route=\/wp\/v2\/users\/2"}],"replies":[{"embeddable":true,"href":"http:\/\/gruw.de\/index.php?rest_route=%2Fwp%2Fv2%2Fcomments&post=8"}],"version-history":[{"count":7,"href":"http:\/\/gruw.de\/index.php?rest_route=\/wp\/v2\/pages\/8\/revisions"}],"predecessor-version":[{"id":185,"href":"http:\/\/gruw.de\/index.php?rest_route=\/wp\/v2\/pages\/8\/revisions\/185"}],"wp:attachment":[{"href":"http:\/\/gruw.de\/index.php?rest_route=%2Fwp%2Fv2%2Fmedia&parent=8"}],"curies":[{"name":"wp","href":"https:\/\/api.w.org\/{rel}","templated":true}]}}