{"id":35,"date":"2015-07-14T19:41:24","date_gmt":"2015-07-14T19:41:24","guid":{"rendered":"http:\/\/jakob.plitc.de\/?page_id=35"},"modified":"2015-07-14T19:41:24","modified_gmt":"2015-07-14T19:41:24","slug":"schweissarbeiten","status":"publish","type":"page","link":"http:\/\/gruw.de\/?page_id=35","title":{"rendered":"Schweissarbeiten \/ Hart-und Weichl\u00f6ten"},"content":{"rendered":"<p>Folgende F\u00fcgeverfahren stehen zur Verf\u00fcgung:<\/p>\n<ul>\n<li>Elektrodenschwei\u00dfen<\/li>\n<li>MIG-Schwei\u00dfen<\/li>\n<li>WIG-Schwei\u00dfen<\/li>\n<li>Autogen-Schwei\u00dfen<\/li>\n<\/ul>\n<p>&nbsp;<\/p>\n","protected":false},"excerpt":{"rendered":"<p>Folgende F\u00fcgeverfahren stehen zur Verf\u00fcgung: Elektrodenschwei\u00dfen MIG-Schwei\u00dfen WIG-Schwei\u00dfen Autogen-Schwei\u00dfen &nbsp;<\/p>\n","protected":false},"author":2,"featured_media":0,"parent":10,"menu_order":1,"comment_status":"closed","ping_status":"closed","template":"","meta":[],"_links":{"self":[{"href":"http:\/\/gruw.de\/index.php?rest_route=\/wp\/v2\/pages\/35"}],"collection":[{"href":"http:\/\/gruw.de\/index.php?rest_route=\/wp\/v2\/pages"}],"about":[{"href":"http:\/\/gruw.de\/index.php?rest_route=\/wp\/v2\/types\/page"}],"author":[{"embeddable":true,"href":"http:\/\/gruw.de\/index.php?rest_route=\/wp\/v2\/users\/2"}],"replies":[{"embeddable":true,"href":"http:\/\/gruw.de\/index.php?rest_route=%2Fwp%2Fv2%2Fcomments&post=35"}],"version-history":[{"count":0,"href":"http:\/\/gruw.de\/index.php?rest_route=\/wp\/v2\/pages\/35\/revisions"}],"up":[{"embeddable":true,"href":"http:\/\/gruw.de\/index.php?rest_route=\/wp\/v2\/pages\/10"}],"wp:attachment":[{"href":"http:\/\/gruw.de\/index.php?rest_route=%2Fwp%2Fv2%2Fmedia&parent=35"}],"curies":[{"name":"wp","href":"https:\/\/api.w.org\/{rel}","templated":true}]}}